{"id":5307,"date":"2024-08-09T13:55:51","date_gmt":"2024-08-09T13:55:51","guid":{"rendered":"https:\/\/horizon.lusticabay.com\/?page_id=5307"},"modified":"2024-10-22T12:35:43","modified_gmt":"2024-10-22T12:35:43","slug":"kontakt","status":"publish","type":"page","link":"https:\/\/horizon-lusticabay-com-70fa030d.faststaging.dev\/de\/kontakt\/","title":{"rendered":"Kontakt"},"content":{"rendered":"\t\t<div data-elementor-type=\"wp-page\" data-elementor-id=\"5307\" class=\"elementor elementor-5307 elementor-3791\">\n\t\t\t\t<section class=\"elementor-element elementor-element-4d7b67da banner_section e-flex e-con-boxed wpr-jarallax-no wpr-sticky-section-no e-con e-parent\" data-id=\"4d7b67da\" data-element_type=\"container\" data-settings=\"{&quot;background_background&quot;:&quot;classic&quot;}\">\n\t\t\t\t\t<div class=\"e-con-inner\">\n\t\t\t\t<div class=\"elementor-element elementor-element-6aff939e elementor-widget__width-initial de_scroll_animation_no elementor-widget elementor-widget-heading\" data-id=\"6aff939e\" data-element_type=\"widget\" data-widget_type=\"heading.default\">\n\t\t\t\t<div class=\"elementor-widget-container\">\n\t\t\t<style>\/*! elementor - v3.22.0 - 26-06-2024 *\/\n.elementor-heading-title{padding:0;margin:0;line-height:1}.elementor-widget-heading .elementor-heading-title[class*=elementor-size-]>a{color:inherit;font-size:inherit;line-height:inherit}.elementor-widget-heading .elementor-heading-title.elementor-size-small{font-size:15px}.elementor-widget-heading .elementor-heading-title.elementor-size-medium{font-size:19px}.elementor-widget-heading .elementor-heading-title.elementor-size-large{font-size:29px}.elementor-widget-heading .elementor-heading-title.elementor-size-xl{font-size:39px}.elementor-widget-heading .elementor-heading-title.elementor-size-xxl{font-size:59px}<\/style><h1 class=\"elementor-heading-title elementor-size-default\">Nehmen Sie Kontakt zu uns auf<\/h1>\t\t<\/div>\n\t\t\t\t<\/div>\n\t\t\t\t<div class=\"elementor-element elementor-element-554677ef elementor-widget__width-initial de_scroll_animation_no elementor-widget elementor-widget-text-editor\" data-id=\"554677ef\" data-element_type=\"widget\" data-widget_type=\"text-editor.default\">\n\t\t\t\t<div class=\"elementor-widget-container\">\n\t\t\t<style>\/*! elementor - v3.22.0 - 26-06-2024 *\/\n.elementor-widget-text-editor.elementor-drop-cap-view-stacked .elementor-drop-cap{background-color:#69727d;color:#fff}.elementor-widget-text-editor.elementor-drop-cap-view-framed .elementor-drop-cap{color:#69727d;border:3px solid;background-color:transparent}.elementor-widget-text-editor:not(.elementor-drop-cap-view-default) .elementor-drop-cap{margin-top:8px}.elementor-widget-text-editor:not(.elementor-drop-cap-view-default) .elementor-drop-cap-letter{width:1em;height:1em}.elementor-widget-text-editor .elementor-drop-cap{float:left;text-align:center;line-height:1;font-size:50px}.elementor-widget-text-editor .elementor-drop-cap-letter{display:inline-block}<\/style>\t\t\t\t<div><p class=\"StandardOffice\"><span lang=\"DE\">Wenn Sie Fragen haben oder mehr \u00fcber das Leben in Horizon erfahren m\u00f6chten, tragen Sie einfach Ihre Daten ein und unser Team wird sich so schnell wie m\u00f6glich bei Ihnen melden.<\/span><\/p><\/div>\t\t\t\t\t\t<\/div>\n\t\t\t\t<\/div>\n\t\t\t\t\t<\/div>\n\t\t\t\t<\/section>\n\t\t<div class=\"elementor-element elementor-element-ea843fb border_box-half e-flex e-con-boxed wpr-jarallax-no wpr-sticky-section-no e-con e-parent\" data-id=\"ea843fb\" data-element_type=\"container\">\n\t\t\t\t\t<div class=\"e-con-inner\">\n\t\t<div class=\"elementor-element elementor-element-31e932a e-con-full e-flex wpr-jarallax-no wpr-sticky-section-no e-con e-child\" data-id=\"31e932a\" data-element_type=\"container\">\n\t\t<div class=\"elementor-element elementor-element-0a799b1 e-con-full border_box-left e-flex wpr-jarallax-no wpr-sticky-section-no e-con e-child\" data-id=\"0a799b1\" data-element_type=\"container\">\n\t\t\t\t<div class=\"elementor-element elementor-element-a5c3d7e elementor-widget__width-initial de_scroll_animation_no elementor-widget elementor-widget-image\" data-id=\"a5c3d7e\" data-element_type=\"widget\" data-widget_type=\"image.default\">\n\t\t\t\t<div class=\"elementor-widget-container\">\n\t\t\t<style>\/*! elementor - v3.22.0 - 26-06-2024 *\/\n.elementor-widget-image{text-align:center}.elementor-widget-image a{display:inline-block}.elementor-widget-image a img[src$=\".svg\"]{width:48px}.elementor-widget-image img{vertical-align:middle;display:inline-block}<\/style>\t\t\t\t\t\t\t\t\t\t<img fetchpriority=\"high\" decoding=\"async\" width=\"1000\" height=\"1200\" src=\"https:\/\/horizon-lusticabay-com-70fa030d.faststaging.dev\/wp-content\/uploads\/2024\/08\/Horizon-2.jpg\" class=\"attachment-full size-full wp-image-4808\" alt=\"\" srcset=\"https:\/\/horizon-lusticabay-com-70fa030d.faststaging.dev\/wp-content\/uploads\/2024\/08\/Horizon-2.jpg 1000w, https:\/\/horizon-lusticabay-com-70fa030d.faststaging.dev\/wp-content\/uploads\/2024\/08\/Horizon-2-250x300.jpg 250w, https:\/\/horizon-lusticabay-com-70fa030d.faststaging.dev\/wp-content\/uploads\/2024\/08\/Horizon-2-853x1024.jpg 853w, https:\/\/horizon-lusticabay-com-70fa030d.faststaging.dev\/wp-content\/uploads\/2024\/08\/Horizon-2-768x922.jpg 768w\" sizes=\"(max-width: 1000px) 100vw, 1000px\" \/>\t\t\t\t\t\t\t\t\t\t\t\t\t<\/div>\n\t\t\t\t<\/div>\n\t\t\t\t<\/div>\n\t\t<div class=\"elementor-element elementor-element-28b628e e-con-full e-flex wpr-jarallax-no wpr-sticky-section-no e-con e-child\" data-id=\"28b628e\" data-element_type=\"container\">\n\t\t\t\t<div class=\"elementor-element elementor-element-7bb7839 elementor-widget__width-initial de_scroll_animation_no elementor-invisible elementor-widget elementor-widget-heading\" data-id=\"7bb7839\" data-element_type=\"widget\" data-settings=\"{&quot;_animation&quot;:&quot;fadeIn&quot;,&quot;_animation_delay&quot;:200}\" data-widget_type=\"heading.default\">\n\t\t\t\t<div class=\"elementor-widget-container\">\n\t\t\t<h2 class=\"elementor-heading-title elementor-size-default\">Jetzt Interesse Anmelden<\/h2>\t\t<\/div>\n\t\t\t\t<\/div>\n\t\t\t\t<div class=\"elementor-element elementor-element-c641ae6 banner_form contact_form de_scroll_animation_no elementor-widget elementor-widget-shortcode\" data-id=\"c641ae6\" data-element_type=\"widget\" data-widget_type=\"shortcode.default\">\n\t\t\t\t<div class=\"elementor-widget-container\">\n\t\t\t\t\t<div class=\"elementor-shortcode\">\n<div class=\"wpcf7 no-js\" id=\"wpcf7-f1985-o1\" lang=\"en-US\" dir=\"ltr\">\n<div class=\"screen-reader-response\"><p role=\"status\" aria-live=\"polite\" aria-atomic=\"true\"><\/p> <ul><\/ul><\/div>\n<form action=\"\/de\/wp-json\/wp\/v2\/pages\/5307#wpcf7-f1985-o1\" method=\"post\" class=\"wpcf7-form init\" aria-label=\"Contact form\" novalidate=\"novalidate\" data-status=\"init\">\n<div style=\"display: none;\">\n<input type=\"hidden\" name=\"_wpcf7\" value=\"1985\" \/>\n<input type=\"hidden\" name=\"_wpcf7_version\" value=\"5.9.6\" \/>\n<input type=\"hidden\" name=\"_wpcf7_locale\" value=\"en_US\" \/>\n<input type=\"hidden\" name=\"_wpcf7_unit_tag\" value=\"wpcf7-f1985-o1\" \/>\n<input type=\"hidden\" name=\"_wpcf7_container_post\" value=\"0\" \/>\n<input type=\"hidden\" name=\"_wpcf7_posted_data_hash\" value=\"\" \/>\n<\/div>\n<div class=\"form-row form-row-custom\">\n\t<div class=\"form-control custom-form\">\n\t\t<p><span class=\"wpcf7-form-control-wrap\" data-name=\"first-name\"><input size=\"40\" maxlength=\"80\" class=\"wpcf7-form-control wpcf7-text wpcf7-validates-as-required form_item\" aria-required=\"true\" aria-invalid=\"false\" placeholder=\"Vorname\" value=\"\" type=\"text\" name=\"first-name\" \/><\/span>\n\t\t<\/p>\n\t<\/div>\n\t<div class=\"form-control custom-form\">\n\t\t<p><span class=\"wpcf7-form-control-wrap\" data-name=\"last-name\"><input size=\"40\" maxlength=\"80\" class=\"wpcf7-form-control wpcf7-text wpcf7-validates-as-required form_item\" aria-required=\"true\" aria-invalid=\"false\" placeholder=\"Nachname\" value=\"\" type=\"text\" name=\"last-name\" \/><\/span>\n\t\t<\/p>\n\t<\/div>\n<\/div>\n<div class=\"form-row form-row-custom\">\n\t<div class=\"form-control custom-form\">\n\t\t<p><span class=\"wpcf7-form-control-wrap\" data-name=\"phone\"><input size=\"40\" maxlength=\"16\" minlength=\"6\" class=\"wpcf7-form-control wpcf7-phonetext wpcf7-validates-as-required wpcf7-text wpcf7-validates-as-phonetext form_item_phone\" aria-required=\"true\" aria-invalid=\"false\" placeholder=\"Telefonnummer\" value=\"\" type=\"text\" name=\"phone\" \/><input type=\"hidden\" name=\"phone-country-code\" class=\"wpcf7-phonetext-country-code\" \/><\/span>\n\t\t<\/p>\n\t<\/div>\n\t<div class=\"form-control custom-form\">\n\t\t<p><span class=\"wpcf7-form-control-wrap\" data-name=\"email\"><input size=\"40\" maxlength=\"80\" class=\"wpcf7-form-control wpcf7-email wpcf7-validates-as-required wpcf7-text wpcf7-validates-as-email form_item\" aria-required=\"true\" aria-invalid=\"false\" placeholder=\"E-Mail\" value=\"\" type=\"email\" name=\"email\" \/><\/span>\n\t\t<\/p>\n\t<\/div>\n<\/div>\n<div class=\"form-row form-row-custom\">\n\t<div class=\"form-control custom-form form-control-language\">\n\t\t<p><span class=\"wpcf7-form-control-wrap\" data-name=\"preferred_language\"><select class=\"wpcf7-form-control wpcf7-select wpcf7-validates-as-required form_item\" aria-required=\"true\" aria-invalid=\"false\" name=\"preferred_language\"><option value=\"\">Bevorzugte Sprache<\/option><option value=\"English\">English<\/option><option value=\"Montenegrin\">Montenegrin<\/option><option value=\"Russian\">Russian<\/option><option value=\"German\">German<\/option><\/select><\/span>\n\t\t<\/p>\n\t<\/div>\n\t<div class=\"form-control custom-form\">\n\t\t<p><span class=\"wpcf7-form-control-wrap\" data-name=\"interest\"><select class=\"wpcf7-form-control wpcf7-select wpcf7-validates-as-required form_item\" id=\"interest\" aria-required=\"true\" aria-invalid=\"false\" name=\"interest\"><option value=\"\">Interesse ausw\u00e4hlen<\/option><option value=\"Allgemeine Informationen\">Allgemeine Informationen<\/option><option value=\"Immobilien\">Immobilien<\/option><\/select><\/span>\n\t\t<\/p>\n\t<\/div>\n<\/div>\n<div class=\"form-control custom-form\">\n\t<p><span class=\"wpcf7-form-control-wrap\" data-name=\"unit_size\"><select class=\"wpcf7-form-control wpcf7-select form_item\" id=\"real_estate_option\" aria-invalid=\"false\" name=\"unit_size\"><option value=\"\">Ich interessiere mich f\u00fcr<\/option><option value=\"Studio\">Studio<\/option><option value=\"1-Zimmer-Wohnung\">1-Zimmer-Wohnung<\/option><option value=\"1-Zimmer-Wohnung\">1-Zimmer-Wohnung<\/option><option value=\"Penthouse\">Penthouse<\/option><\/select><\/span>\n\t<\/p>\n<\/div>\n<div class=\"form-control custom-form\">\n\t<p><span class=\"wpcf7-form-control-wrap\" data-name=\"country\"><input size=\"40\" class=\"wpcf7-form-control wpcf7-countrytext wpcf7-validates-as-required wpcf7-text wpcf7-validates-as-countrytext form_item\" id=\"country\" aria-required=\"true\" aria-invalid=\"false\" placeholder=\"Land\" value=\"\" type=\"text\" name=\"country\" \/><\/span>\n\t<\/p>\n<\/div>\n<div class=\"form-control custom-form\">\n\t<p><span class=\"wpcf7-form-control-wrap\" data-name=\"your-message\"><textarea cols=\"40\" rows=\"10\" maxlength=\"2000\" class=\"wpcf7-form-control wpcf7-textarea form_item_phone\" aria-invalid=\"false\" placeholder=\"Nachricht\" name=\"your-message\"><\/textarea><\/span>\n\t<input class=\"wpcf7-form-control wpcf7-hidden\" id=\"country_code\" value=\"\" type=\"hidden\" name=\"country-code\" \/>\n\t<input class=\"wpcf7-form-control wpcf7-hidden\" value=\"crm_form\" type=\"hidden\" name=\"form_type\" \/>\n\t<input class=\"wpcf7-form-control wpcf7-hidden\" value=\"THE HORIZON DE MICROSITE\" type=\"hidden\" name=\"landing_page\" \/>\n\t<input class=\"wpcf7-form-control wpcf7-hidden\" value=\"\" type=\"hidden\" name=\"utm_campaign\" \/>\n\t<input class=\"wpcf7-form-control wpcf7-hidden\" value=\"\" type=\"hidden\" name=\"utm_source\" \/>\n\t<input class=\"wpcf7-form-control wpcf7-hidden\" value=\"\" type=\"hidden\" name=\"utm_medium\" \/>\n\t<input class=\"wpcf7-form-control wpcf7-hidden\" value=\"\" type=\"hidden\" name=\"utm_term\" \/>\n\t<input class=\"wpcf7-form-control wpcf7-hidden\" value=\"\" type=\"hidden\" name=\"utm_content\" \/>\n\t<input class=\"wpcf7-form-control wpcf7-hidden\" value=\"9\" type=\"hidden\" name=\"utm_placement\" \/>\n\t<input class=\"wpcf7-form-control wpcf7-hidden\" value=\"\" type=\"hidden\" name=\"gclid\" \/>\n\t<input class=\"wpcf7-form-control wpcf7-hidden\" value=\"216.73.216.23\" type=\"hidden\" name=\"geolocation\" \/>\n\t<\/p>\n<\/div>\n<div class=\"_submit custom-submit\">\n\t<p><input class=\"wpcf7-form-control wpcf7-submit has-spinner\" type=\"submit\" value=\"SENDEN SIE MIR INFOS\" \/>\n\t<\/p>\n<\/div><div class=\"wpcf7-response-output\" aria-hidden=\"true\"><\/div>\n<\/form>\n<\/div>\n<\/div>\n\t\t\t\t<\/div>\n\t\t\t\t<\/div>\n\t\t\t\t<\/div>\n\t\t\t\t<\/div>\n\t\t\t\t\t<\/div>\n\t\t\t\t<\/div>\n\t\t\t\t<\/div>\n\t\t","protected":false},"excerpt":{"rendered":"<p>Nehmen Sie Kontakt zu uns auf Wenn Sie Fragen haben oder mehr \u00fcber das Leben in Horizon erfahren m\u00f6chten, tragen Sie einfach Ihre Daten ein und unser Team wird sich so schnell wie m\u00f6glich bei Ihnen melden. Jetzt Interesse Anmelden<\/p>\n","protected":false},"author":4,"featured_media":0,"parent":0,"menu_order":0,"comment_status":"closed","ping_status":"closed","template":"","meta":{"_acf_changed":false,"inline_featured_image":false,"footnotes":""},"class_list":["post-5307","page","type-page","status-publish","hentry"],"acf":[],"yoast_head":"<!-- This site is optimized with the Yoast SEO plugin v23.0 - https:\/\/yoast.com\/wordpress\/plugins\/seo\/ -->\n<title>Kontakt - Horizon<\/title>\n<meta name=\"robots\" content=\"noindex, follow, max-snippet:-1, max-image-preview:large, max-video-preview:-1\" \/>\n<meta property=\"og:locale\" content=\"de_DE\" \/>\n<meta property=\"og:type\" content=\"article\" \/>\n<meta property=\"og:title\" content=\"Kontakt - Horizon\" \/>\n<meta property=\"og:description\" content=\"Nehmen Sie Kontakt zu uns auf Wenn Sie Fragen haben oder mehr \u00fcber das Leben in Horizon erfahren m\u00f6chten, tragen Sie einfach Ihre Daten ein und unser Team wird sich so schnell wie m\u00f6glich bei Ihnen melden. Jetzt Interesse Anmelden\" \/>\n<meta property=\"og:url\" content=\"https:\/\/horizon-lusticabay-com-70fa030d.faststaging.dev\/de\/kontakt\/\" \/>\n<meta property=\"og:site_name\" content=\"Horizon\" \/>\n<meta property=\"article:modified_time\" content=\"2024-10-22T12:35:43+00:00\" \/>\n<meta property=\"og:image\" content=\"https:\/\/horizon-lusticabay-com-70fa030d.faststaging.dev\/wp-content\/uploads\/2024\/08\/Horizon-2-250x300.jpg\" \/>\n<meta name=\"twitter:card\" content=\"summary_large_image\" \/>\n<meta name=\"twitter:image\" content=\"https:\/\/horizon-lusticabay-com-70fa030d.faststaging.dev\/wp-content\/uploads\/2024\/08\/Horizon-2-853x1024.jpg\" \/>\n<meta name=\"twitter:label1\" content=\"Est. reading time\" \/>\n\t<meta name=\"twitter:data1\" content=\"1 minute\" \/>\n<script type=\"application\/ld+json\" class=\"yoast-schema-graph\">{\"@context\":\"https:\/\/schema.org\",\"@graph\":[{\"@type\":\"WebPage\",\"@id\":\"https:\/\/horizon-lusticabay-com-70fa030d.faststaging.dev\/de\/kontakt\/\",\"url\":\"https:\/\/horizon-lusticabay-com-70fa030d.faststaging.dev\/de\/kontakt\/\",\"name\":\"Kontakt - Horizon\",\"isPartOf\":{\"@id\":\"https:\/\/horizon-lusticabay-com-70fa030d.faststaging.dev\/de\/#website\"},\"primaryImageOfPage\":{\"@id\":\"https:\/\/horizon-lusticabay-com-70fa030d.faststaging.dev\/de\/kontakt\/#primaryimage\"},\"image\":{\"@id\":\"https:\/\/horizon-lusticabay-com-70fa030d.faststaging.dev\/de\/kontakt\/#primaryimage\"},\"thumbnailUrl\":\"https:\/\/horizon-lusticabay-com-70fa030d.faststaging.dev\/wp-content\/uploads\/2024\/08\/Horizon-2.jpg\",\"datePublished\":\"2024-08-09T13:55:51+00:00\",\"dateModified\":\"2024-10-22T12:35:43+00:00\",\"breadcrumb\":{\"@id\":\"https:\/\/horizon-lusticabay-com-70fa030d.faststaging.dev\/de\/kontakt\/#breadcrumb\"},\"inLanguage\":\"de-DE\",\"potentialAction\":[{\"@type\":\"ReadAction\",\"target\":[\"https:\/\/horizon-lusticabay-com-70fa030d.faststaging.dev\/de\/kontakt\/\"]}]},{\"@type\":\"ImageObject\",\"inLanguage\":\"de-DE\",\"@id\":\"https:\/\/horizon-lusticabay-com-70fa030d.faststaging.dev\/de\/kontakt\/#primaryimage\",\"url\":\"https:\/\/horizon-lusticabay-com-70fa030d.faststaging.dev\/wp-content\/uploads\/2024\/08\/Horizon-2.jpg\",\"contentUrl\":\"https:\/\/horizon-lusticabay-com-70fa030d.faststaging.dev\/wp-content\/uploads\/2024\/08\/Horizon-2.jpg\"},{\"@type\":\"BreadcrumbList\",\"@id\":\"https:\/\/horizon-lusticabay-com-70fa030d.faststaging.dev\/de\/kontakt\/#breadcrumb\",\"itemListElement\":[{\"@type\":\"ListItem\",\"position\":1,\"name\":\"Home\",\"item\":\"https:\/\/horizon-lusticabay-com-70fa030d.faststaging.dev\/de\/\"},{\"@type\":\"ListItem\",\"position\":2,\"name\":\"Kontakt\"}]},{\"@type\":\"WebSite\",\"@id\":\"https:\/\/horizon-lusticabay-com-70fa030d.faststaging.dev\/de\/#website\",\"url\":\"https:\/\/horizon-lusticabay-com-70fa030d.faststaging.dev\/de\/\",\"name\":\"Horizon\",\"description\":\"\",\"potentialAction\":[{\"@type\":\"SearchAction\",\"target\":{\"@type\":\"EntryPoint\",\"urlTemplate\":\"https:\/\/horizon-lusticabay-com-70fa030d.faststaging.dev\/de\/?s={search_term_string}\"},\"query-input\":\"required name=search_term_string\"}],\"inLanguage\":\"de-DE\"}]}<\/script>\n<!-- \/ Yoast SEO plugin. -->","yoast_head_json":{"title":"Kontakt - Horizon","robots":{"index":"noindex","follow":"follow","max-snippet":"max-snippet:-1","max-image-preview":"max-image-preview:large","max-video-preview":"max-video-preview:-1"},"og_locale":"de_DE","og_type":"article","og_title":"Kontakt - Horizon","og_description":"Nehmen Sie Kontakt zu uns auf Wenn Sie Fragen haben oder mehr \u00fcber das Leben in Horizon erfahren m\u00f6chten, tragen Sie einfach Ihre Daten ein und unser Team wird sich so schnell wie m\u00f6glich bei Ihnen melden. Jetzt Interesse Anmelden","og_url":"https:\/\/horizon-lusticabay-com-70fa030d.faststaging.dev\/de\/kontakt\/","og_site_name":"Horizon","article_modified_time":"2024-10-22T12:35:43+00:00","og_image":[{"url":"https:\/\/horizon-lusticabay-com-70fa030d.faststaging.dev\/wp-content\/uploads\/2024\/08\/Horizon-2-250x300.jpg"}],"twitter_card":"summary_large_image","twitter_image":"https:\/\/horizon-lusticabay-com-70fa030d.faststaging.dev\/wp-content\/uploads\/2024\/08\/Horizon-2-853x1024.jpg","twitter_misc":{"Est. reading time":"1 minute"},"schema":{"@context":"https:\/\/schema.org","@graph":[{"@type":"WebPage","@id":"https:\/\/horizon-lusticabay-com-70fa030d.faststaging.dev\/de\/kontakt\/","url":"https:\/\/horizon-lusticabay-com-70fa030d.faststaging.dev\/de\/kontakt\/","name":"Kontakt - Horizon","isPartOf":{"@id":"https:\/\/horizon-lusticabay-com-70fa030d.faststaging.dev\/de\/#website"},"primaryImageOfPage":{"@id":"https:\/\/horizon-lusticabay-com-70fa030d.faststaging.dev\/de\/kontakt\/#primaryimage"},"image":{"@id":"https:\/\/horizon-lusticabay-com-70fa030d.faststaging.dev\/de\/kontakt\/#primaryimage"},"thumbnailUrl":"https:\/\/horizon-lusticabay-com-70fa030d.faststaging.dev\/wp-content\/uploads\/2024\/08\/Horizon-2.jpg","datePublished":"2024-08-09T13:55:51+00:00","dateModified":"2024-10-22T12:35:43+00:00","breadcrumb":{"@id":"https:\/\/horizon-lusticabay-com-70fa030d.faststaging.dev\/de\/kontakt\/#breadcrumb"},"inLanguage":"de-DE","potentialAction":[{"@type":"ReadAction","target":["https:\/\/horizon-lusticabay-com-70fa030d.faststaging.dev\/de\/kontakt\/"]}]},{"@type":"ImageObject","inLanguage":"de-DE","@id":"https:\/\/horizon-lusticabay-com-70fa030d.faststaging.dev\/de\/kontakt\/#primaryimage","url":"https:\/\/horizon-lusticabay-com-70fa030d.faststaging.dev\/wp-content\/uploads\/2024\/08\/Horizon-2.jpg","contentUrl":"https:\/\/horizon-lusticabay-com-70fa030d.faststaging.dev\/wp-content\/uploads\/2024\/08\/Horizon-2.jpg"},{"@type":"BreadcrumbList","@id":"https:\/\/horizon-lusticabay-com-70fa030d.faststaging.dev\/de\/kontakt\/#breadcrumb","itemListElement":[{"@type":"ListItem","position":1,"name":"Home","item":"https:\/\/horizon-lusticabay-com-70fa030d.faststaging.dev\/de\/"},{"@type":"ListItem","position":2,"name":"Kontakt"}]},{"@type":"WebSite","@id":"https:\/\/horizon-lusticabay-com-70fa030d.faststaging.dev\/de\/#website","url":"https:\/\/horizon-lusticabay-com-70fa030d.faststaging.dev\/de\/","name":"Horizon","description":"","potentialAction":[{"@type":"SearchAction","target":{"@type":"EntryPoint","urlTemplate":"https:\/\/horizon-lusticabay-com-70fa030d.faststaging.dev\/de\/?s={search_term_string}"},"query-input":"required name=search_term_string"}],"inLanguage":"de-DE"}]}},"_links":{"self":[{"href":"https:\/\/horizon-lusticabay-com-70fa030d.faststaging.dev\/de\/wp-json\/wp\/v2\/pages\/5307","targetHints":{"allow":["GET"]}}],"collection":[{"href":"https:\/\/horizon-lusticabay-com-70fa030d.faststaging.dev\/de\/wp-json\/wp\/v2\/pages"}],"about":[{"href":"https:\/\/horizon-lusticabay-com-70fa030d.faststaging.dev\/de\/wp-json\/wp\/v2\/types\/page"}],"author":[{"embeddable":true,"href":"https:\/\/horizon-lusticabay-com-70fa030d.faststaging.dev\/de\/wp-json\/wp\/v2\/users\/4"}],"replies":[{"embeddable":true,"href":"https:\/\/horizon-lusticabay-com-70fa030d.faststaging.dev\/de\/wp-json\/wp\/v2\/comments?post=5307"}],"version-history":[{"count":3,"href":"https:\/\/horizon-lusticabay-com-70fa030d.faststaging.dev\/de\/wp-json\/wp\/v2\/pages\/5307\/revisions"}],"predecessor-version":[{"id":6701,"href":"https:\/\/horizon-lusticabay-com-70fa030d.faststaging.dev\/de\/wp-json\/wp\/v2\/pages\/5307\/revisions\/6701"}],"wp:attachment":[{"href":"https:\/\/horizon-lusticabay-com-70fa030d.faststaging.dev\/de\/wp-json\/wp\/v2\/media?parent=5307"}],"curies":[{"name":"wp","href":"https:\/\/api.w.org\/{rel}","templated":true}]}}